{"id":989,"date":"2023-06-04T07:57:22","date_gmt":"2023-06-04T07:57:22","guid":{"rendered":"https:\/\/www.goiberia.com\/?page_id=989"},"modified":"2024-04-03T10:38:38","modified_gmt":"2024-04-03T10:38:38","slug":"o-mnie-i-kontakt","status":"publish","type":"page","link":"https:\/\/www.goiberia.com\/en\/o-mnie-i-kontakt\/","title":{"rendered":"About Us | Contact"},"content":{"rendered":"<p><strong>Hi!<\/strong>! <br>Over the years, we've resided in various cities and regions of Andalusia, including Almer\u00eda\/Almerimar, M\u00e1laga, and Benalm\u00e1dena. After a decade, we relocated to Portugal's Algarve, from where we frequently travel to Andalusia and other areas of the peninsula.<\/p>\n\n\n\n<p><br>The blog kicked off almost 10 years ago as humble, hastily jotted-down notes about the must-sees and things to look out for on my travels through southern Spain. Over time, I decided to turn those notes into an online blog, and that's how the first version of the site came to be, which you can check out at <a href=\"http:\/\/www.southernspain.net\" rel=\"nofollow noopener\" target=\"_blank\">www.southernspain.net<\/a>. At some point, the domain name stopped keeping up with us :), because we travel a lot by camper van around the Peninsula, especially in Portugal or the north of <em>Iberia<\/em>. And so a new - just <strong>this<\/strong>, which you are viewing, and which is a record of our travels.<\/p>\n\n\n\n<blockquote class=\"wp-block-quote is-layout-flow wp-block-quote-is-layout-flow\">\n<p><br><br>Here I share with you guides, descriptions of places and stories of sights. I include maps of attractions, recommendations of pubs, campsites... Maybe they will be useful to you, too.<br><br><em><strong>Dora<\/strong><\/em><\/p>\n<\/blockquote>\n\n\n\n<p class=\"has-trawell-bg-color has-pale-ocean-gradient-background has-text-color has-background\"><strong>Countries where we have lived so far:<\/strong><\/p>\n\n\n\n<ul class=\"wp-block-list\">\n<li class=\"translation-block\">Poland - 30 years, with breaks...<\/li>\n\n\n\n<li class=\"translation-block\">Spain - over 10 years, with breaks...<\/li>\n\n\n\n<li class=\"translation-block\">South Africa - in total, a year, in Port Elizabeth, Cape Town, and surrounding areas.<\/li>\n\n\n\n<li class=\"translation-block\">Norway - in total, about six months - around Bergen, with visits to Oslo.<\/li>\n\n\n\n<li class=\"translation-block\">Ecuador - a month in Quito. We explored many mountains and volcanoes such as Pasochoa, Pichincha, and visited the surrounding areas, like Banos.<\/li>\n\n\n\n<li class=\"translation-block\">USA - J. spent a few months as a student. Together in travel, we spent a month from New York to Las Vegas via Philadelphia. Then, from Tijuana in Mexico to San Francisco, deviating from the route occasionally to visit national parks and other attractions along the way.<\/li>\n\n\n\n<li class=\"translation-block\">Hungary - 1.5 months in Budapest.<\/li>\n\n\n\n<li><strong>Portugal<\/strong> - In total, it will already be counted in years... (Tavira, Faro, Arrifana...) - constantly on the go... maybe someday I'll tell about it \ud83d\ude09<\/li>\n<\/ul>\n\n\n\n<p><\/p>\n\n\n\n<p class=\"has-small-font-size\"><em>*All photos and videos on the blog are by me. <\/em>A One-Day Plan Full of Excitement in Malaga \ud83d\udc47\ud83c\udffb<\/p>\n\n\n\n<p class=\"has-pale-ocean-gradient-background has-background has-normal-font-size translation-block\">\ud83d\udcf8 <em>Most of the photos posted here can be found at <a href=\"http:\/\/www.pixambo.com\" data-type=\"link\" data-id=\"www.pixambo.com\" target=\"_blank\" rel=\"noopener\">www.pixambo.com<\/a>. Where they are made available for free download in higher resolutions \ud83d\ude4c\ud83c\udffb<\/em><\/p>\n\n\n\n<h2 class=\"wp-block-heading\">Contact<\/h2>\n\n\n\n<p> My e<strong><a href=\"mailto:dora@manndora.com\" target=\"_blank\" rel=\"noreferrer noopener\">mail<\/a>.<\/strong> <\/p>\n\n\n\n<p><\/p>","protected":false},"excerpt":{"rendered":"<p>Witaj! Przez lata mieszkali\u015bmy w r\u00f3\u017cnych miastach i cz\u0119\u015bciach Andaluzji, m.in. w Almerii\/Almerimarze, Maladze, oraz Benalmadenie. Po 10 latach przeprowadzili\u015bmy si\u0119 do portugalskiego Algarve, sk\u0105d bardzo cz\u0119sto podr\u00f3\u017cujemy do Andaluzji i innych cz\u0119\u015bci P\u00f3\u0142wyspu. Blog powsta\u0142 niemal 10 lat temu, jako skromne notatki spisywane w po\u015bpiechu, o tym co warto zobaczy\u0107 i na co zwr\u00f3ci\u0107 [&hellip;]<\/p>\n","protected":false},"author":1,"featured_media":1006,"parent":0,"menu_order":0,"comment_status":"closed","ping_status":"closed","template":"","meta":{"footnotes":""},"class_list":["post-989","page","type-page","status-publish","has-post-thumbnail","hentry"],"_links":{"self":[{"href":"https:\/\/www.goiberia.com\/en\/wp-json\/wp\/v2\/pages\/989","targetHints":{"allow":["GET"]}}],"collection":[{"href":"https:\/\/www.goiberia.com\/en\/wp-json\/wp\/v2\/pages"}],"about":[{"href":"https:\/\/www.goiberia.com\/en\/wp-json\/wp\/v2\/types\/page"}],"author":[{"embeddable":true,"href":"https:\/\/www.goiberia.com\/en\/wp-json\/wp\/v2\/users\/1"}],"replies":[{"embeddable":true,"href":"https:\/\/www.goiberia.com\/en\/wp-json\/wp\/v2\/comments?post=989"}],"version-history":[{"count":12,"href":"https:\/\/www.goiberia.com\/en\/wp-json\/wp\/v2\/pages\/989\/revisions"}],"predecessor-version":[{"id":8862,"href":"https:\/\/www.goiberia.com\/en\/wp-json\/wp\/v2\/pages\/989\/revisions\/8862"}],"wp:featuredmedia":[{"embeddable":true,"href":"https:\/\/www.goiberia.com\/en\/wp-json\/wp\/v2\/media\/1006"}],"wp:attachment":[{"href":"https:\/\/www.goiberia.com\/en\/wp-json\/wp\/v2\/media?parent=989"}],"curies":[{"name":"wp","href":"https:\/\/api.w.org\/{rel}","templated":true}]}}