{"id":195,"date":"2018-03-06T12:36:12","date_gmt":"2018-03-06T12:36:12","guid":{"rendered":"https:\/\/demo.mekshq.com\/trawell\/v1\/?page_id=195"},"modified":"2025-01-20T13:32:19","modified_gmt":"2025-01-20T13:32:19","slug":"home","status":"publish","type":"page","link":"https:\/\/www.goiberia.com\/pl\/","title":{"rendered":"Podr\u00f3\u017ce po Hiszpanii, Portugalii, Gibraltarze"},"content":{"rendered":"\n<h3 class=\"wp-block-heading\">Odkrywanie Cud\u00f3w Hiszpanii i Portugalii:  Przewodnik po Algarve i Andaluzji<\/h3>\n\n\n\n<p>Witaj na moim blogu, moim przewodniku po malowniczych krajobrazach <strong>Hiszpanii i Portugalii<\/strong>. Przez ponad 10 lat mieszkali\u015bmy w Andaluzji, a od lat mieszkam w <strong>portugalskim Algarve<\/strong>, co da\u0142o mi niepowtarzaln\u0105 mo\u017cliwo\u015b\u0107 eksploracji i odkrywania sekret\u00f3w, kt\u00f3re kryje P\u00f3\u0142wysep Iberyjski. Moja przygoda z blogowaniem rozpocz\u0119\u0142a si\u0119 niemal <strong>10 lat temu<\/strong>, od prostych notatek o miejscach, kt\u00f3re warto odwiedzi\u0107.<\/p>\n\n\n\n<p>Na blogu znajdziesz bogaty zbi\u00f3r informacji i porad dotycz\u0105cych podr\u00f3\u017cowania po ca\u0142ym P\u00f3\u0142wyspie Iberyjskim. Staram si\u0119, aby moje artyku\u0142y by\u0142y nie tylko \u017ar\u00f3d\u0142em inspiracji, ale r\u00f3wnie\u017c praktycznym przewodnikiem dla tych, kt\u00f3rzy pragn\u0105 odkrywa\u0107 Hiszpani\u0119 i Portugali\u0119 na w\u0142asn\u0105 r\u0119k\u0119.<\/p>\n\n\n\n<h4 class=\"wp-block-heading\">Co Mnie Wyr\u00f3\u017cnia:<\/h4>\n\n\n\n<ul class=\"wp-block-list\">\n<li><strong>Osobiste do\u015bwiadczenia<\/strong>: Ka\u017cdy opisany przez mnie zak\u0105tek to miejsce, kt\u00f3re odwiedzi\u0142am, dzi\u0119ki czemu mog\u0119 podzieli\u0107 si\u0119 autentycznymi spostrze\u017ceniami i radami.<\/li>\n\n\n\n<li><strong>Przewodnik po Algarve<\/strong>: By\u0142am rezydentem Andaluzji &#8211; jestem rezydentem Algarve, dysponuj\u0119 unikaln\u0105 wiedz\u0105 o tym regionie, kt\u00f3ra pozwala mi oferowa\u0107 czytelnikom wskaz\u00f3wki nieznane szerokiej publiczno\u015bci.<\/li>\n\n\n\n<li><strong>Szerokie spojrzenie na P\u00f3\u0142wysep Iberyjski<\/strong>: M\u00f3j blog to nie tylko Algarve i Andaluzja, ale ca\u0142a Hiszpania i Portugalia w jednym miejscu, od ukrytych pla\u017c po historyczne miasta.<\/li>\n<\/ul>\n\n\n\n<blockquote class=\"wp-block-quote is-layout-flow wp-block-quote-is-layout-flow\">\n<p>Ciesz\u0119 si\u0119, \u017ce mog\u0119 dzieli\u0107 si\u0119 z Tob\u0105 moj\u0105 pasj\u0105 i wiedz\u0105 o tych fascynuj\u0105cych zak\u0105tkach Europy!<\/p>\n<\/blockquote>\n\n\n\n<p><em>Pozdrawiam z po\u0142udnia,<br>Dora<\/em><\/p>\n","protected":false},"excerpt":{"rendered":"<p>Odkrywanie Cud\u00f3w Hiszpanii i Portugalii: Przewodnik po Algarve i Andaluzji Witaj na moim blogu, moim przewodniku po malowniczych krajobrazach Hiszpanii i Portugalii. Przez ponad 10 lat mieszkali\u015bmy w Andaluzji, a od lat mieszkam w portugalskim Algarve, co da\u0142o mi niepowtarzaln\u0105 mo\u017cliwo\u015b\u0107 eksploracji i odkrywania sekret\u00f3w, kt\u00f3re kryje P\u00f3\u0142wysep Iberyjski. Moja przygoda z blogowaniem rozpocz\u0119\u0142a si\u0119 [&hellip;]<\/p>\n","protected":false},"author":1,"featured_media":8839,"parent":0,"menu_order":0,"comment_status":"closed","ping_status":"closed","template":"","meta":{"footnotes":""},"class_list":["post-195","page","type-page","status-publish","has-post-thumbnail","hentry"],"_links":{"self":[{"href":"https:\/\/www.goiberia.com\/pl\/wp-json\/wp\/v2\/pages\/195","targetHints":{"allow":["GET"]}}],"collection":[{"href":"https:\/\/www.goiberia.com\/pl\/wp-json\/wp\/v2\/pages"}],"about":[{"href":"https:\/\/www.goiberia.com\/pl\/wp-json\/wp\/v2\/types\/page"}],"author":[{"embeddable":true,"href":"https:\/\/www.goiberia.com\/pl\/wp-json\/wp\/v2\/users\/1"}],"replies":[{"embeddable":true,"href":"https:\/\/www.goiberia.com\/pl\/wp-json\/wp\/v2\/comments?post=195"}],"version-history":[{"count":7,"href":"https:\/\/www.goiberia.com\/pl\/wp-json\/wp\/v2\/pages\/195\/revisions"}],"predecessor-version":[{"id":8991,"href":"https:\/\/www.goiberia.com\/pl\/wp-json\/wp\/v2\/pages\/195\/revisions\/8991"}],"wp:featuredmedia":[{"embeddable":true,"href":"https:\/\/www.goiberia.com\/pl\/wp-json\/wp\/v2\/media\/8839"}],"wp:attachment":[{"href":"https:\/\/www.goiberia.com\/pl\/wp-json\/wp\/v2\/media?parent=195"}],"curies":[{"name":"wp","href":"https:\/\/api.w.org\/{rel}","templated":true}]}}