{"id":989,"date":"2023-06-04T07:57:22","date_gmt":"2023-06-04T07:57:22","guid":{"rendered":"https:\/\/www.goiberia.com\/?page_id=989"},"modified":"2024-04-03T10:38:38","modified_gmt":"2024-04-03T10:38:38","slug":"o-mnie-i-kontakt","status":"publish","type":"page","link":"https:\/\/www.goiberia.com\/pl\/o-mnie-i-kontakt\/","title":{"rendered":"O nas \/ Kontakt"},"content":{"rendered":"\n<p><strong>Witaj<\/strong>! <br>Przez lata mieszkali\u015bmy w r\u00f3\u017cnych miastach i cz\u0119\u015bciach Andaluzji, m.in. w Almerii\/Almerimarze, Maladze, oraz Benalmadenie. Po 10 latach przeprowadzili\u015bmy si\u0119 do portugalskiego Algarve, sk\u0105d bardzo cz\u0119sto podr\u00f3\u017cujemy do Andaluzji i innych cz\u0119\u015bci P\u00f3\u0142wyspu.<\/p>\n\n\n\n<p><br>Blog powsta\u0142 niemal 10 lat temu, jako skromne notatki spisywane w po\u015bpiechu, o tym co warto zobaczy\u0107 i na co zwr\u00f3ci\u0107 uwag\u0119 podczas kolejnych podr\u00f3\u017cy po po\u0142udniu Hiszpanii. Z czasem postanowi\u0142am zamieni\u0107 te notatki w blog online i tak powsta\u0142a pierwsza wersja strony, kt\u00f3r\u0105 mo\u017cna zobaczy\u0107 na <a href=\"http:\/\/www.southernspain.net\" rel=\"nofollow noopener\" target=\"_blank\">www.southernspain.net<\/a>. W pewnym momencie nazwa domeny przesta\u0142a nad\u0105rza\u0107 za nami :), bo sporo podr\u00f3\u017cujemy kamperem po P\u00f3\u0142wyspie, zw\u0142aszcza po Portugalii, czy p\u00f3\u0142nocy <em>Iberii<\/em>. I tak powsta\u0142a nowa &#8211; w\u0142a\u015bnie <strong>ta<\/strong>, kt\u00f3r\u0105 przegl\u0105dasz, i kt\u00f3ra jest zapisem naszych podr\u00f3\u017cy.<\/p>\n\n\n\n<blockquote class=\"wp-block-quote is-layout-flow wp-block-quote-is-layout-flow\">\n<p><br><br>Dziel\u0119 si\u0119 tutaj z Wami przewodnikami, opisami miejsc i historiami zabytk\u00f3w. Za\u0142\u0105czam mapki atrakcji, polecajki knajp, kemping\u00f3w&#8230; Mo\u017ce i Wam si\u0119 przydadz\u0105.<br><br><em><strong>Dora<\/strong><\/em><\/p>\n<\/blockquote>\n\n\n\n<p class=\"has-trawell-bg-color has-pale-ocean-gradient-background has-text-color has-background\"><strong>Kraje, w kt\u00f3rych mieszkali\u015bmy do tej pory:<\/strong><\/p>\n\n\n\n<ul class=\"wp-block-list\">\n<li><strong>Polska<\/strong> &#8211; 30 lat, z przerwami&#8230;<\/li>\n\n\n\n<li><strong>Hiszpania<\/strong> &#8211; ponad 10 lat, z przerwami\u2026<\/li>\n\n\n\n<li><strong>RPA<\/strong> &#8211; w sumie rok, Port Elizabeth, Cape Town, i okolice<\/li>\n\n\n\n<li><strong>Norwegia<\/strong> &#8211; ja w sumie oko\u0142o p\u00f3\u0142 roku &#8211; Okolice Bergen, wizyty w Oslo<\/li>\n\n\n\n<li><strong>Ekwador <\/strong>&#8211; miesi\u0105c w Quito. Obeszli\u015bmy sporo g\u00f3r, wulkan\u00f3w takich jak: Pasochoa, Pichincha, oraz zwiedzaj\u0105c okolice, np. Banos<\/li>\n\n\n\n<li><strong>USA<\/strong> &#8211; J. Kilka miesi\u0119cy jako student. Razem w podr\u00f3\u017cy miesi\u0105c z Nowego Yorku, przez Philadelphi\u0119 do Las Vegas. Potem z Tijuany w Meksyku do San Francisco, skr\u0119caj\u0105c z trasy od czasu do czasu zwiedzaj\u0105c po drodze parki natury i inne atrakcje<\/li>\n\n\n\n<li><strong>W\u0119gry<\/strong> &#8211; 1.5 miesi\u0105ca \/ Budapeszt<\/li>\n\n\n\n<li><strong>Portugalia<\/strong> &#8211; w sumie b\u0119dzie ju\u017c liczone w latach&#8230; (Tavira, Faro, Arrifana&#8230;) &#8211; stale w podr\u00f3\u017cy&#8230; mo\u017ce kiedy\u015b o tym opowiem \ud83d\ude09<\/li>\n<\/ul>\n\n\n\n<p><\/p>\n\n\n\n<p class=\"has-small-font-size\"><em>*Wszystkie zdj\u0119cia i filmy na blogu s\u0105 mojego autorstwa <\/em>\ud83d\udc47\ud83c\udffb<\/p>\n\n\n\n<p class=\"has-pale-ocean-gradient-background has-background has-normal-font-size\">\ud83d\udcf8 <em>Wi\u0119kszo\u015b\u0107 zamieszczonych tutaj zdj\u0119\u0107 mo\u017cna znale\u017a\u0107 na <a href=\"http:\/\/www.pixambo.com\" data-type=\"link\" data-id=\"www.pixambo.com\" rel=\"nofollow noopener\" target=\"_blank\">www.pixambo.com<\/a>, gdzie s\u0105 udost\u0119pnione do swobodnego pobrania w wy\u017cszych rozdzielczo\u015bciach.<\/em><\/p>\n\n\n\n<h2 class=\"wp-block-heading\">KONTAKT<\/h2>\n\n\n\n<p> M\u00f3j e<strong><a href=\"mailto:dora@manndora.com\" target=\"_blank\" rel=\"noreferrer noopener\">mail<\/a>.<\/strong> <\/p>\n\n\n\n<p><\/p>\n","protected":false},"excerpt":{"rendered":"<p>Witaj! Przez lata mieszkali\u015bmy w r\u00f3\u017cnych miastach i cz\u0119\u015bciach Andaluzji, m.in. w Almerii\/Almerimarze, Maladze, oraz Benalmadenie. Po 10 latach przeprowadzili\u015bmy si\u0119 do portugalskiego Algarve, sk\u0105d bardzo cz\u0119sto podr\u00f3\u017cujemy do Andaluzji i innych cz\u0119\u015bci P\u00f3\u0142wyspu. Blog powsta\u0142 niemal 10 lat temu, jako skromne notatki spisywane w po\u015bpiechu, o tym co warto zobaczy\u0107 i na co zwr\u00f3ci\u0107 [&hellip;]<\/p>\n","protected":false},"author":1,"featured_media":1006,"parent":0,"menu_order":0,"comment_status":"closed","ping_status":"closed","template":"","meta":{"footnotes":""},"class_list":["post-989","page","type-page","status-publish","has-post-thumbnail","hentry"],"_links":{"self":[{"href":"https:\/\/www.goiberia.com\/pl\/wp-json\/wp\/v2\/pages\/989","targetHints":{"allow":["GET"]}}],"collection":[{"href":"https:\/\/www.goiberia.com\/pl\/wp-json\/wp\/v2\/pages"}],"about":[{"href":"https:\/\/www.goiberia.com\/pl\/wp-json\/wp\/v2\/types\/page"}],"author":[{"embeddable":true,"href":"https:\/\/www.goiberia.com\/pl\/wp-json\/wp\/v2\/users\/1"}],"replies":[{"embeddable":true,"href":"https:\/\/www.goiberia.com\/pl\/wp-json\/wp\/v2\/comments?post=989"}],"version-history":[{"count":12,"href":"https:\/\/www.goiberia.com\/pl\/wp-json\/wp\/v2\/pages\/989\/revisions"}],"predecessor-version":[{"id":8862,"href":"https:\/\/www.goiberia.com\/pl\/wp-json\/wp\/v2\/pages\/989\/revisions\/8862"}],"wp:featuredmedia":[{"embeddable":true,"href":"https:\/\/www.goiberia.com\/pl\/wp-json\/wp\/v2\/media\/1006"}],"wp:attachment":[{"href":"https:\/\/www.goiberia.com\/pl\/wp-json\/wp\/v2\/media?parent=989"}],"curies":[{"name":"wp","href":"https:\/\/api.w.org\/{rel}","templated":true}]}}